{"id":944,"date":"2026-02-25T02:42:43","date_gmt":"2026-02-25T01:42:43","guid":{"rendered":"https:\/\/sio.lycee-saint-john-perse.fr\/portfolio-renaud\/?page_id=944"},"modified":"2026-04-02T04:39:50","modified_gmt":"2026-04-02T02:39:50","slug":"stage_premiere_annee","status":"publish","type":"page","link":"https:\/\/sio.lycee-saint-john-perse.fr\/portfolio-renaud\/stage_premiere_annee\/","title":{"rendered":"Stage professionnels premi\u00e8re ann\u00e9e\u200b"},"content":{"rendered":"\t\t<div data-elementor-type=\"wp-page\" data-elementor-id=\"944\" class=\"elementor elementor-944\">\n\t\t\t\t<div class=\"elementor-element elementor-element-020c119 e-flex e-con-boxed e-con e-parent\" data-id=\"020c119\" data-element_type=\"container\" data-e-type=\"container\">\n\t\t\t\t\t<div class=\"e-con-inner\">\n\t\t\t\t<div class=\"elementor-element elementor-element-ace174f elementor-widget elementor-widget-heading\" data-id=\"ace174f\" data-element_type=\"widget\" data-e-type=\"widget\" data-widget_type=\"heading.default\">\n\t\t\t\t<div class=\"elementor-widget-container\">\n\t\t\t\t\t<h2 class=\"elementor-heading-title elementor-size-default\">Stage professionnels premi\u00e8re ann\u00e9e\u200b<\/h2>\t\t\t\t<\/div>\n\t\t\t\t<\/div>\n\t\t\t\t<div class=\"elementor-element elementor-element-0a9bc16 elementor-widget elementor-widget-html\" data-id=\"0a9bc16\" data-element_type=\"widget\" data-e-type=\"widget\" data-widget_type=\"html.default\">\n\t\t\t\t<div class=\"elementor-widget-container\">\n\t\t\t\t\t<section class=\"mr-stage\">\r\n\r\n  <header class=\"mr-stage-header\">\r\n    <h1>Mon Stage \u2014 D\u00e9veloppeur No-Code<\/h1>\r\n    <p class=\"mr-stage-dates\">26 mai \u2192 27 juin \u2014 Valeur B\u00e2ti (BTP)<\/p>\r\n    <p class=\"mr-stage-intro\">\r\n      J'ai effectu\u00e9 un stage au sein de Valeur B\u00e2ti pour d\u00e9velopper une solution no-code d'automatisation de la gestion des achats (collecte, prix, fournisseurs et flux).\r\n    <\/p>\r\n  <\/header>\r\n\r\n  <article class=\"mr-stage-about\">\r\n    <h2>\u00c0 propos<\/h2>\r\n    <p>Valeur B\u00e2ti est une entreprise du b\u00e2timent sp\u00e9cialis\u00e9e dans le second \u0153uvre et la r\u00e9novation int\u00e9rieure. Le projet visait \u00e0 concevoir une solution no-code pour automatiser la gestion des achats et centraliser les donn\u00e9es.<\/p>\r\n\r\n    <h3>Missions<\/h3>\r\n    <ul>\r\n      <li>D\u00e9velopper une solution no-code pour la gestion des achats BTP<\/li>\r\n      <li>Automatiser la collecte et la comparaison des prix fournisseurs<\/li>\r\n      <li>Structurer une base de donn\u00e9es pour suivre l\u2019historique des achats<\/li>\r\n      <li>Int\u00e9grer Google Sheets, NocoDB, Airtable, Zapier, Make, etc.<\/li>\r\n      <li>Tester, optimiser et proposer des am\u00e9liorations<\/li>\r\n    <\/ul>\r\n  <\/article>\r\n\r\n\r\n<!-- CARROUSEL DES LOGICIELS -->\r\n<section class=\"mr-tools-section\">\r\n  <h2>Outils &amp; Plateformes utilis\u00e9es<\/h2>\r\n\r\n  <div class=\"mr-carousel\" aria-label=\"Carrousel des outils no-code\">\r\n    <div class=\"mr-carousel-track\">\r\n\r\n      <!-- Carte : NocoDB -->\r\n      <div class=\"mr-card\" data-title=\"NocoDB\">\r\n        <div class=\"mr-card-head\">\r\n          <img decoding=\"async\" src=\"https:\/\/cdn-1.webcatalog.io\/catalog\/nocodb\/nocodb-icon-filled-256.png?v=1753756684481\" alt=\"Logo NocoDB\">\r\n          <strong>NocoDB<\/strong>\r\n        <\/div>\r\n        <p class=\"mr-card-short\">\r\n          Plateforme open-source transformant un tableur en base de donn\u00e9es collaborative.\r\n        <\/p>\r\n        <div class=\"mr-card-full\">\r\n          <p>\r\n            Utilis\u00e9 pour centraliser les produits, fournisseurs et prix.\r\n            Excellent pour la gestion relationnelle et l\u2019importation Excel.\r\n          <\/p>\r\n        <\/div>\r\n      <\/div>\r\n\r\n      <!-- Carte : Airtable -->\r\n      <div class=\"mr-card\" data-title=\"Airtable\">\r\n        <div class=\"mr-card-head\">\r\n          <img decoding=\"async\" src=\"https:\/\/encrypted-tbn0.gstatic.com\/images?q=tbn:ANd9GcSN920PRg1lct-eTOLsbWKpALOQ5A-uKx8RpA&amp;s\" alt=\"Logo Airtable\">\r\n          <strong>Airtable<\/strong>\r\n        <\/div>\r\n        <p class=\"mr-card-short\">\r\n          Plateforme SaaS combinant tableur et base de donn\u00e9es avec interface intuitive.\r\n        <\/p>\r\n        <div class=\"mr-card-full\">\r\n          <p>\r\n            Airtable permet de cr\u00e9er des bases de donn\u00e9es visuelles avec automatisations int\u00e9gr\u00e9es.\r\n    Il est souvent utilis\u00e9 pour la gestion de projets ou d\u2019inventaires.\r\n          <\/p>\r\n        <\/div>\r\n      <\/div>\r\n\r\n      <!-- Carte : Baserow -->\r\n      <div class=\"mr-card\" data-title=\"Baserow\">\r\n        <div class=\"mr-card-head\">\r\n          <img decoding=\"async\" src=\"https:\/\/images.seeklogo.com\/logo-png\/51\/1\/baserow-logo-png_seeklogo-519441.png\" alt=\"Logo Baserow\">\r\n          <strong>Baserow<\/strong>\r\n        <\/div>\r\n        <p class=\"mr-card-short\">\r\n          Base de donn\u00e9es open-source permettant de transformer un tableur en application collaborative.\r\n        <\/p>\r\n        <div class=\"mr-card-full\">\r\n          <p>\r\n           Baserow permet de cr\u00e9er des bases de donn\u00e9es collaboratives tout en gardant\r\n    un contr\u00f4le total sur l\u2019h\u00e9bergement. Il s'agit l\u00e0 d'un outils plus complexe \u00e0 utiliser.\r\n          <\/p>\r\n        <\/div>\r\n      <\/div>\r\n\r\n      <!-- Carte : Make -->\r\n      <div class=\"mr-card\" data-title=\"Make (Integromat)\">\r\n        <div class=\"mr-card-head\">\r\n          <img decoding=\"async\" src=\"https:\/\/raw.githubusercontent.com\/lobehub\/lobe-icons\/refs\/heads\/master\/packages\/static-png\/dark\/make-color.png\" alt=\"Logo Make\">\r\n          <strong>Make (Integromat)<\/strong>\r\n        <\/div>\r\n        <p class=\"mr-card-short\">\r\n          Plateforme d\u2019automatisation visuelle reliant diff\u00e9rentes applications entre elles.\r\n\r\n        <\/p>\r\n        <div class=\"mr-card-full\">\r\n          <p>\r\n            Make permet de cr\u00e9er des sc\u00e9narios d\u2019automatisation complexes\r\n    via une interface graphique.\r\n    Je l\u2019ai utilis\u00e9 pour synchroniser les donn\u00e9es entre NocoDB,\r\n    Google Sheets et les emails gr\u00e2ce aux API et webhooks.\r\n          <\/p>\r\n        <\/div>\r\n      <\/div>\r\n\r\n      <!-- Carte : Zapier -->\r\n      <div class=\"mr-card\" data-title=\"Zapier\">\r\n        <div class=\"mr-card-head\">\r\n          <img decoding=\"async\" src=\"https:\/\/img.icons8.com\/color\/1200\/zapier.jpg\" alt=\"Logo Zapier\">\r\n          <strong>Zapier<\/strong>\r\n        <\/div>\r\n        <p class=\"mr-card-short\">\r\n          Outil d\u2019automatisation bas\u00e9 sur des d\u00e9clencheurs et actions simples.\r\n        <\/p>\r\n        <div class=\"mr-card-full\">\r\n          <p>\r\n            Tr\u00e8s accessible et rapide \u00e0 configurer.\r\n            Moins flexible que Make pour les flux complexes. Zapier connecte des applications via des \"Zaps\"\r\n    d\u00e9clench\u00e9s par un \u00e9v\u00e9nement sp\u00e9cifique.\r\n          <\/p>\r\n        <\/div>\r\n      <\/div>\r\n\r\n      <!-- Carte : Asana -->\r\n      <div class=\"mr-card\" data-title=\"Asana\">\r\n        <div class=\"mr-card-head\">\r\n          <img decoding=\"async\" src=\"https:\/\/cdn.worldvectorlogo.com\/logos\/asana-logo.svg\" alt=\"Logo Asana\">\r\n          <strong>Asana<\/strong>\r\n        <\/div>\r\n        <p class=\"mr-card-short\">\r\n          Outil de gestion de projet collaboratif en mode Kanban ou liste.\r\n        <\/p>\r\n        <div class=\"mr-card-full\">\r\n          <p>\r\n            Asana permet d\u2019organiser des t\u00e2ches, suivre l\u2019avancement\r\n    et collaborer en \u00e9quipe.\r\n    Je l\u2019ai utilis\u00e9 pour planifier mes missions,\r\n    g\u00e9rer les priorit\u00e9s et structurer mon travail durant le stage.\r\n          <\/p>\r\n        <\/div>\r\n      <\/div>\r\n\r\n    <\/div>\r\n  <\/div>\r\n\r\n\r\n<\/section>\r\n\r\n \r\n\r\n<\/section>\r\n\t\t\t\t<\/div>\n\t\t\t\t<\/div>\n\t\t\t\t\t<\/div>\n\t\t\t\t<\/div>\n\t\t\t\t<\/div>\n\t\t","protected":false},"excerpt":{"rendered":"<p>Stage professionnels premi\u00e8re ann\u00e9e\u200b Mon Stage \u2014 D\u00e9veloppeur No-Code 26 mai \u2192 27 juin \u2014 Valeur B\u00e2ti (BTP) J&rsquo;ai effectu\u00e9 un stage au sein de <a class=\"more-link\" href=\"https:\/\/sio.lycee-saint-john-perse.fr\/portfolio-renaud\/stage_premiere_annee\/\">Lire plus &#8230;<\/a><\/p>\n","protected":false},"author":68,"featured_media":0,"parent":0,"menu_order":0,"comment_status":"closed","ping_status":"closed","template":"","meta":{"footnotes":""},"class_list":["post-944","page","type-page","status-publish","hentry"],"_links":{"self":[{"href":"https:\/\/sio.lycee-saint-john-perse.fr\/portfolio-renaud\/wp-json\/wp\/v2\/pages\/944","targetHints":{"allow":["GET"]}}],"collection":[{"href":"https:\/\/sio.lycee-saint-john-perse.fr\/portfolio-renaud\/wp-json\/wp\/v2\/pages"}],"about":[{"href":"https:\/\/sio.lycee-saint-john-perse.fr\/portfolio-renaud\/wp-json\/wp\/v2\/types\/page"}],"author":[{"embeddable":true,"href":"https:\/\/sio.lycee-saint-john-perse.fr\/portfolio-renaud\/wp-json\/wp\/v2\/users\/68"}],"replies":[{"embeddable":true,"href":"https:\/\/sio.lycee-saint-john-perse.fr\/portfolio-renaud\/wp-json\/wp\/v2\/comments?post=944"}],"version-history":[{"count":22,"href":"https:\/\/sio.lycee-saint-john-perse.fr\/portfolio-renaud\/wp-json\/wp\/v2\/pages\/944\/revisions"}],"predecessor-version":[{"id":1114,"href":"https:\/\/sio.lycee-saint-john-perse.fr\/portfolio-renaud\/wp-json\/wp\/v2\/pages\/944\/revisions\/1114"}],"wp:attachment":[{"href":"https:\/\/sio.lycee-saint-john-perse.fr\/portfolio-renaud\/wp-json\/wp\/v2\/media?parent=944"}],"curies":[{"name":"wp","href":"https:\/\/api.w.org\/{rel}","templated":true}]}}