{"id":771,"date":"2025-10-23T20:01:51","date_gmt":"2025-10-23T18:01:51","guid":{"rendered":"https:\/\/sio.lycee-saint-john-perse.fr\/portfolio-renaud\/?page_id=771"},"modified":"2026-04-28T03:46:55","modified_gmt":"2026-04-28T01:46:55","slug":"ateliers-professionnels","status":"publish","type":"page","link":"https:\/\/sio.lycee-saint-john-perse.fr\/portfolio-renaud\/ateliers-professionnels\/","title":{"rendered":"Ateliers Professionnels"},"content":{"rendered":"\t\t<div data-elementor-type=\"wp-page\" data-elementor-id=\"771\" class=\"elementor elementor-771\">\n\t\t\t\t<div class=\"elementor-element elementor-element-71c09dc e-flex e-con-boxed e-con e-parent\" data-id=\"71c09dc\" data-element_type=\"container\" data-e-type=\"container\">\n\t\t\t\t\t<div class=\"e-con-inner\">\n\t\t\t\t<div class=\"elementor-element elementor-element-08276b8 elementor-invisible elementor-widget elementor-widget-heading\" data-id=\"08276b8\" data-element_type=\"widget\" data-e-type=\"widget\" data-settings=\"{&quot;_animation&quot;:&quot;fadeIn&quot;}\" data-widget_type=\"heading.default\">\n\t\t\t\t<div class=\"elementor-widget-container\">\n\t\t\t\t\t<h2 class=\"elementor-heading-title elementor-size-default\">Ateliers professionnels<\/h2>\t\t\t\t<\/div>\n\t\t\t\t<\/div>\n\t\t\t\t<div class=\"elementor-element elementor-element-6a11825 elementor-widget-divider--view-line_text elementor-widget-divider--element-align-center elementor-invisible elementor-widget elementor-widget-divider\" data-id=\"6a11825\" data-element_type=\"widget\" data-e-type=\"widget\" data-settings=\"{&quot;_animation&quot;:&quot;fadeIn&quot;}\" data-widget_type=\"divider.default\">\n\t\t\t\t<div class=\"elementor-widget-container\">\n\t\t\t\t\t\t\t<div class=\"elementor-divider\">\n\t\t\t<span class=\"elementor-divider-separator\">\n\t\t\t\t\t\t\t<span class=\"elementor-divider__text elementor-divider__element\">\n\t\t\t\tSlam\t\t\t\t<\/span>\n\t\t\t\t\t\t<\/span>\n\t\t<\/div>\n\t\t\t\t\t\t<\/div>\n\t\t\t\t<\/div>\n\t\t\t\t<div class=\"elementor-element elementor-element-e19b649 animated-slow elementor-invisible elementor-widget elementor-widget-eael-fancy-text\" data-id=\"e19b649\" data-element_type=\"widget\" data-e-type=\"widget\" data-settings=\"{&quot;_animation&quot;:&quot;fadeInDown&quot;}\" data-widget_type=\"eael-fancy-text.default\">\n\t\t\t\t<div class=\"elementor-widget-container\">\n\t\t\t\t\t\n\t<div  class=\"eael-fancy-text-container style-1\" data-fancy-text-id=\"e19b649\" data-fancy-text=\"| Voici les projets r\u00e9alis\u00e9s au cours de ma formation.\" data-fancy-text-transition-type=\"typing\" data-fancy-text-speed=\"35\" data-fancy-text-delay=\"2549\" data-fancy-text-cursor=\"yes\" data-fancy-text-loop=\"\" data-fancy-text-action=\"page_load\" >\n\t\t\n\t\t\n\t\t\t\t\t<span id=\"eael-fancy-text-e19b649\" class=\"eael-fancy-text-strings \">\n\t\t\t\t<noscript>\n\t\t\t\t\t Voici les projets r\u00e9alis\u00e9s au cours de ma formation.\t\t\t\t<\/noscript>\n\t\t\t<\/span>\n\t\t\n\t\t\t<\/div><!-- close .eael-fancy-text-container -->\n\n\t<div class=\"clearfix\"><\/div>\n\n\t\t\t\t\t<\/div>\n\t\t\t\t<\/div>\n\t\t\t\t<div class=\"elementor-element elementor-element-f752758 elementor-widget elementor-widget-spacer\" data-id=\"f752758\" data-element_type=\"widget\" data-e-type=\"widget\" data-widget_type=\"spacer.default\">\n\t\t\t\t<div class=\"elementor-widget-container\">\n\t\t\t\t\t\t\t<div class=\"elementor-spacer\">\n\t\t\t<div class=\"elementor-spacer-inner\"><\/div>\n\t\t<\/div>\n\t\t\t\t\t\t<\/div>\n\t\t\t\t<\/div>\n\t\t\t\t\t<\/div>\n\t\t\t\t<\/div>\n\t\t<div class=\"elementor-element elementor-element-dc860c7 e-flex e-con-boxed e-con e-parent\" data-id=\"dc860c7\" data-element_type=\"container\" data-e-type=\"container\">\n\t\t\t\t\t<div class=\"e-con-inner\">\n\t\t\t\t<div class=\"elementor-element elementor-element-0c40994 elementor-invisible elementor-widget elementor-widget-counter\" data-id=\"0c40994\" data-element_type=\"widget\" data-e-type=\"widget\" data-settings=\"{&quot;_animation&quot;:&quot;fadeInDown&quot;}\" data-widget_type=\"counter.default\">\n\t\t\t\t<div class=\"elementor-widget-container\">\n\t\t\t\t\t\t\t<div class=\"elementor-counter\">\n\t\t\t<div class=\"elementor-counter-title\">Projets effectu\u00e9s<\/div>\t\t\t<div class=\"elementor-counter-number-wrapper\">\n\t\t\t\t<span class=\"elementor-counter-number-prefix\">Total <\/span>\n\t\t\t\t<span class=\"elementor-counter-number\" data-duration=\"3800\" data-to-value=\"5\" data-from-value=\"0\" data-delimiter=\" \">0<\/span>\n\t\t\t\t<span class=\"elementor-counter-number-suffix\"><\/span>\n\t\t\t<\/div>\n\t\t<\/div>\n\t\t\t\t\t\t<\/div>\n\t\t\t\t<\/div>\n\t\t\t\t<div class=\"elementor-element elementor-element-28632b3 elementor-widget elementor-widget-spacer\" data-id=\"28632b3\" data-element_type=\"widget\" data-e-type=\"widget\" data-widget_type=\"spacer.default\">\n\t\t\t\t<div class=\"elementor-widget-container\">\n\t\t\t\t\t\t\t<div class=\"elementor-spacer\">\n\t\t\t<div class=\"elementor-spacer-inner\"><\/div>\n\t\t<\/div>\n\t\t\t\t\t\t<\/div>\n\t\t\t\t<\/div>\n\t\t\t\t\t<\/div>\n\t\t\t\t<\/div>\n\t\t<div class=\"elementor-element elementor-element-8174b79 e-con-full animated-slow e-flex elementor-invisible e-con e-parent\" data-id=\"8174b79\" data-element_type=\"container\" data-e-type=\"container\" data-settings=\"{&quot;animation&quot;:&quot;fadeIn&quot;}\">\n\t\t\t\t<div class=\"elementor-element elementor-element-025e0fb elementor-widget elementor-widget-eael-cta-box\" data-id=\"025e0fb\" data-element_type=\"widget\" data-e-type=\"widget\" data-widget_type=\"eael-cta-box.default\">\n\t\t\t\t<div class=\"elementor-widget-container\">\n\t\t\t\t\t\t\t\t\t<div class=\"eael-call-to-action cta-icon-flex bg-lite cta-preset-2\">\n\t    <div class=\"icon\">\n\t\t\t\t\t\t\t<svg class=\"e-font-icon-svg e-fas-project-diagram\" viewBox=\"0 0 640 512\" xmlns=\"http:\/\/www.w3.org\/2000\/svg\"><path d=\"M384 320H256c-17.67 0-32 14.33-32 32v128c0 17.67 14.33 32 32 32h128c17.67 0 32-14.33 32-32V352c0-17.67-14.33-32-32-32zM192 32c0-17.67-14.33-32-32-32H32C14.33 0 0 14.33 0 32v128c0 17.67 14.33 32 32 32h95.72l73.16 128.04C211.98 300.98 232.4 288 256 288h.28L192 175.51V128h224V64H192V32zM608 0H480c-17.67 0-32 14.33-32 32v128c0 17.67 14.33 32 32 32h128c17.67 0 32-14.33 32-32V32c0-17.67-14.33-32-32-32z\"><\/path><\/svg>\t    <\/div>\n\t    <div class=\"content\">\n            <h4 class=\"sub-title\">AT. Pro<\/h4><h2 class=\"title eael-cta-heading\">Premi\u00e8re ann\u00e9e<\/h2><p><span style=\"color: #ffffff\">Projets du premier et second semestre.<\/span><\/p>\t    <\/div>\n\t    <div class=\"action\">\n            <a href=\"https:\/\/sio.lycee-saint-john-perse.fr\/portfolio-renaud\/2025\/02\/11\/ateliers-professionnels-1ere-annee\/\" class=\"cta-button cta-preset-2 cta-btn-preset-2 effect-1\"><span class=\"btn-icon\"><\/span>Cliquez ici<\/a>\t    <\/div>\n\t<\/div>\n\t\t\t\t\t\t<\/div>\n\t\t\t\t<\/div>\n\t\t\t\t<div class=\"elementor-element elementor-element-17ca2ed elementor-widget elementor-widget-spacer\" data-id=\"17ca2ed\" data-element_type=\"widget\" data-e-type=\"widget\" data-widget_type=\"spacer.default\">\n\t\t\t\t<div class=\"elementor-widget-container\">\n\t\t\t\t\t\t\t<div class=\"elementor-spacer\">\n\t\t\t<div class=\"elementor-spacer-inner\"><\/div>\n\t\t<\/div>\n\t\t\t\t\t\t<\/div>\n\t\t\t\t<\/div>\n\t\t\t\t<div class=\"elementor-element elementor-element-f129691 elementor-widget elementor-widget-eael-cta-box\" data-id=\"f129691\" data-element_type=\"widget\" data-e-type=\"widget\" data-widget_type=\"eael-cta-box.default\">\n\t\t\t\t<div class=\"elementor-widget-container\">\n\t\t\t\t\t\t\t\t\t<div class=\"eael-call-to-action cta-icon-flex bg-lite cta-preset-2\">\n\t    <div class=\"icon\">\n\t\t\t\t\t\t\t<svg class=\"e-font-icon-svg e-fas-project-diagram\" viewBox=\"0 0 640 512\" xmlns=\"http:\/\/www.w3.org\/2000\/svg\"><path d=\"M384 320H256c-17.67 0-32 14.33-32 32v128c0 17.67 14.33 32 32 32h128c17.67 0 32-14.33 32-32V352c0-17.67-14.33-32-32-32zM192 32c0-17.67-14.33-32-32-32H32C14.33 0 0 14.33 0 32v128c0 17.67 14.33 32 32 32h95.72l73.16 128.04C211.98 300.98 232.4 288 256 288h.28L192 175.51V128h224V64H192V32zM608 0H480c-17.67 0-32 14.33-32 32v128c0 17.67 14.33 32 32 32h128c17.67 0 32-14.33 32-32V32c0-17.67-14.33-32-32-32z\"><\/path><\/svg>\t    <\/div>\n\t    <div class=\"content\">\n            <h4 class=\"sub-title\">AT. Pro<\/h4><h2 class=\"title eael-cta-heading\">Deuxi\u00e8me ann\u00e9e<\/h2><p><span style=\"color: #ffb36c\">Projets du premier semestre.<\/span><\/p>\t    <\/div>\n\t    <div class=\"action\">\n            <a href=\"https:\/\/sio.lycee-saint-john-perse.fr\/portfolio-renaud\/2026\/02\/15\/ateliers-professionnels-2eme-annee\/?preview_id=1187&#038;preview_nonce=97f429150e&#038;preview=true\" class=\"cta-button cta-preset-2 cta-btn-preset-2 effect-1\"><span class=\"btn-icon\"><\/span>Cliquez ici<\/a>\t    <\/div>\n\t<\/div>\n\t\t\t\t\t\t<\/div>\n\t\t\t\t<\/div>\n\t\t\t\t<\/div>\n\t\t\t\t<\/div>\n\t\t","protected":false},"excerpt":{"rendered":"<p>Ateliers professionnels Slam Voici les projets r\u00e9alis\u00e9s au cours de ma formation. Projets effectu\u00e9s Total 0 AT. Pro Premi\u00e8re ann\u00e9e Projets du premier et second <a class=\"more-link\" href=\"https:\/\/sio.lycee-saint-john-perse.fr\/portfolio-renaud\/ateliers-professionnels\/\">Lire plus &#8230;<\/a><\/p>\n","protected":false},"author":68,"featured_media":544,"parent":0,"menu_order":0,"comment_status":"closed","ping_status":"closed","template":"","meta":{"footnotes":""},"class_list":["post-771","page","type-page","status-publish","has-post-thumbnail","hentry"],"_links":{"self":[{"href":"https:\/\/sio.lycee-saint-john-perse.fr\/portfolio-renaud\/wp-json\/wp\/v2\/pages\/771","targetHints":{"allow":["GET"]}}],"collection":[{"href":"https:\/\/sio.lycee-saint-john-perse.fr\/portfolio-renaud\/wp-json\/wp\/v2\/pages"}],"about":[{"href":"https:\/\/sio.lycee-saint-john-perse.fr\/portfolio-renaud\/wp-json\/wp\/v2\/types\/page"}],"author":[{"embeddable":true,"href":"https:\/\/sio.lycee-saint-john-perse.fr\/portfolio-renaud\/wp-json\/wp\/v2\/users\/68"}],"replies":[{"embeddable":true,"href":"https:\/\/sio.lycee-saint-john-perse.fr\/portfolio-renaud\/wp-json\/wp\/v2\/comments?post=771"}],"version-history":[{"count":57,"href":"https:\/\/sio.lycee-saint-john-perse.fr\/portfolio-renaud\/wp-json\/wp\/v2\/pages\/771\/revisions"}],"predecessor-version":[{"id":1206,"href":"https:\/\/sio.lycee-saint-john-perse.fr\/portfolio-renaud\/wp-json\/wp\/v2\/pages\/771\/revisions\/1206"}],"wp:featuredmedia":[{"embeddable":true,"href":"https:\/\/sio.lycee-saint-john-perse.fr\/portfolio-renaud\/wp-json\/wp\/v2\/media\/544"}],"wp:attachment":[{"href":"https:\/\/sio.lycee-saint-john-perse.fr\/portfolio-renaud\/wp-json\/wp\/v2\/media?parent=771"}],"curies":[{"name":"wp","href":"https:\/\/api.w.org\/{rel}","templated":true}]}}