{"id":346,"date":"2025-10-10T11:20:36","date_gmt":"2025-10-10T09:20:36","guid":{"rendered":"https:\/\/sio.lycee-saint-john-perse.fr\/portfolio-renaud\/contact\/"},"modified":"2025-10-23T19:35:12","modified_gmt":"2025-10-23T17:35:12","slug":"contactv2","status":"publish","type":"page","link":"https:\/\/sio.lycee-saint-john-perse.fr\/portfolio-renaud\/contactv2\/","title":{"rendered":"Contact"},"content":{"rendered":"\t\t<div data-elementor-type=\"wp-page\" data-elementor-id=\"346\" class=\"elementor elementor-346\">\n\t\t\t\t<div class=\"elementor-element elementor-element-9912dea e-flex e-con-boxed e-con e-parent\" data-id=\"9912dea\" data-element_type=\"container\" data-e-type=\"container\">\n\t\t\t\t\t<div class=\"e-con-inner\">\n\t\t\t\t<div class=\"elementor-element elementor-element-f09904c elementor-widget elementor-widget-spacer\" data-id=\"f09904c\" data-element_type=\"widget\" data-e-type=\"widget\" data-widget_type=\"spacer.default\">\n\t\t\t\t<div class=\"elementor-widget-container\">\n\t\t\t\t\t\t\t<div class=\"elementor-spacer\">\n\t\t\t<div class=\"elementor-spacer-inner\"><\/div>\n\t\t<\/div>\n\t\t\t\t\t\t<\/div>\n\t\t\t\t<\/div>\n\t\t\t\t<div class=\"elementor-element elementor-element-7035287 elementor-invisible elementor-widget elementor-widget-heading\" data-id=\"7035287\" data-element_type=\"widget\" data-e-type=\"widget\" data-settings=\"{&quot;_animation&quot;:&quot;fadeIn&quot;}\" data-widget_type=\"heading.default\">\n\t\t\t\t<div class=\"elementor-widget-container\">\n\t\t\t\t\t<h2 class=\"elementor-heading-title elementor-size-default\">Contactez moi !<\/h2>\t\t\t\t<\/div>\n\t\t\t\t<\/div>\n\t\t\t\t<div class=\"elementor-element elementor-element-e726251 elementor-widget elementor-widget-spacer\" data-id=\"e726251\" data-element_type=\"widget\" data-e-type=\"widget\" data-widget_type=\"spacer.default\">\n\t\t\t\t<div class=\"elementor-widget-container\">\n\t\t\t\t\t\t\t<div class=\"elementor-spacer\">\n\t\t\t<div class=\"elementor-spacer-inner\"><\/div>\n\t\t<\/div>\n\t\t\t\t\t\t<\/div>\n\t\t\t\t<\/div>\n\t\t\t\t\t<\/div>\n\t\t\t\t<\/div>\n\t\t<div class=\"elementor-element elementor-element-1da37fa e-flex e-con-boxed e-con e-parent\" data-id=\"1da37fa\" data-element_type=\"container\" data-e-type=\"container\">\n\t\t\t\t\t<div class=\"e-con-inner\">\n\t\t\t\t<div class=\"elementor-element elementor-element-31943a2 elementor-widget elementor-widget-html\" data-id=\"31943a2\" data-element_type=\"widget\" data-e-type=\"widget\" data-widget_type=\"html.default\">\n\t\t\t\t<div class=\"elementor-widget-container\">\n\t\t\t\t\t\r\n<div class=\"business-card\">\r\n  <div class=\"card-inner\">\r\n    <div class=\"card-front\">\r\n      <div class=\"logo\">\r\n        <img decoding=\"async\" src=\"https:\/\/sio.lycee-saint-john-perse.fr\/portfolio-renaud\/wp-content\/uploads\/sites\/76\/2025\/10\/cropped-cropped-telecharge__1_-removebg-preview-1-e1760922323350.png\" alt=\"Logo Marina Renaud\">\r\n      <\/div>\r\n      <h2>Marina Renaud<\/h2>\r\n      <h4>\u00c9tudiante en BTS SIO SLAM<\/h4>\r\n    <\/div>\r\n    <div class=\"card-back\">\r\n      <p><strong>T\u00e9l\u00e9phone :<\/strong> +33 6 46 26 07 46<\/p>\r\n      <p><strong>Email :<\/strong> marinarenaud001@gmail.com<\/p>\r\n      <p><strong>Localisation :<\/strong> Pau, France<\/p>\r\n\r\n    \r\n    <\/div>\r\n  <\/div>\r\n<\/div>\r\n\t\t\t\t<\/div>\n\t\t\t\t<\/div>\n\t\t\t\t\t<\/div>\n\t\t\t\t<\/div>\n\t\t\t\t<\/div>\n\t\t","protected":false},"excerpt":{"rendered":"<p>Contactez moi ! Marina Renaud \u00c9tudiante en BTS SIO SLAM T\u00e9l\u00e9phone : +33 6 46 26 07 46 Email : marinarenaud001@gmail.com Localisation : Pau, France<\/p>\n","protected":false},"author":68,"featured_media":0,"parent":0,"menu_order":0,"comment_status":"closed","ping_status":"closed","template":"elementor_header_footer","meta":{"footnotes":""},"class_list":["post-346","page","type-page","status-publish","hentry"],"_links":{"self":[{"href":"https:\/\/sio.lycee-saint-john-perse.fr\/portfolio-renaud\/wp-json\/wp\/v2\/pages\/346","targetHints":{"allow":["GET"]}}],"collection":[{"href":"https:\/\/sio.lycee-saint-john-perse.fr\/portfolio-renaud\/wp-json\/wp\/v2\/pages"}],"about":[{"href":"https:\/\/sio.lycee-saint-john-perse.fr\/portfolio-renaud\/wp-json\/wp\/v2\/types\/page"}],"author":[{"embeddable":true,"href":"https:\/\/sio.lycee-saint-john-perse.fr\/portfolio-renaud\/wp-json\/wp\/v2\/users\/68"}],"replies":[{"embeddable":true,"href":"https:\/\/sio.lycee-saint-john-perse.fr\/portfolio-renaud\/wp-json\/wp\/v2\/comments?post=346"}],"version-history":[{"count":52,"href":"https:\/\/sio.lycee-saint-john-perse.fr\/portfolio-renaud\/wp-json\/wp\/v2\/pages\/346\/revisions"}],"predecessor-version":[{"id":770,"href":"https:\/\/sio.lycee-saint-john-perse.fr\/portfolio-renaud\/wp-json\/wp\/v2\/pages\/346\/revisions\/770"}],"wp:attachment":[{"href":"https:\/\/sio.lycee-saint-john-perse.fr\/portfolio-renaud\/wp-json\/wp\/v2\/media?parent=346"}],"curies":[{"name":"wp","href":"https:\/\/api.w.org\/{rel}","templated":true}]}}