{"id":18,"date":"2025-02-11T16:07:39","date_gmt":"2025-02-11T15:07:39","guid":{"rendered":"https:\/\/sio.lycee-saint-john-perse.fr\/portfolio-renaud\/?page_id=18"},"modified":"2026-04-02T04:37:42","modified_gmt":"2026-04-02T02:37:42","slug":"cv","status":"publish","type":"page","link":"https:\/\/sio.lycee-saint-john-perse.fr\/portfolio-renaud\/cv\/","title":{"rendered":"CV"},"content":{"rendered":"\t\t<div data-elementor-type=\"wp-page\" data-elementor-id=\"18\" class=\"elementor elementor-18\">\n\t\t\t\t<div class=\"elementor-element elementor-element-72c788d e-flex e-con-boxed e-con e-parent\" data-id=\"72c788d\" data-element_type=\"container\" data-e-type=\"container\">\n\t\t\t\t\t<div class=\"e-con-inner\">\n\t\t\t\t<div class=\"elementor-element elementor-element-103f77d cvcodes elementor-widget elementor-widget-html\" data-id=\"103f77d\" data-element_type=\"widget\" data-e-type=\"widget\" id=\"cvcodes\" data-widget_type=\"html.default\">\n\t\t\t\t<div class=\"elementor-widget-container\">\n\t\t\t\t\t<!doctype html>\r\n\r\n\r\n\r\n\r\n<title>Marina Renaud \u2014 CV<\/title>\r\n\r\n\r\n\r\n<div class=\"wrap\">\r\n\r\n  <!-- HERO -->\r\n  <div class=\"hero\" role=\"banner\" aria-label=\"En-t\u00eate du CV\">\r\n    <div class=\"hero-content\" style=\"flex:1\">\r\n      <h1 class=\"name\">Marina Renaud<\/h1>\r\n      <div class=\"role\">\u00c9tudiante 2\u1d49 ann\u00e9e \u2014 BTS SIO SLAM<\/div>\r\n      <div class=\"subnote\">Demande stage en informatique \u2014 du 05 janvier au 13 f\u00e9vrier 2026<\/div>\r\n    <\/div>\r\n\r\n    <!-- decorative stacked bars -->\r\n    <div class=\"bars\" aria-hidden=\"true\">\r\n      <div class=\"bar b1\"><\/div>\r\n      <div class=\"bar b2\"><\/div>\r\n      <div class=\"bar b3\"><\/div>\r\n      <div class=\"bar b4\"><\/div>\r\n    <\/div>\r\n  <\/div>\r\n\r\n  <!-- PROFILE (light panel) -->\r\n  <section class=\"section\">\r\n    <h3><span class=\"divider\" aria-hidden=\"true\"><\/span> Profil<\/h3>\r\n    <div class=\"profile\">\r\n      <p>Je suis motiv\u00e9e, volontaire, enthousiaste et s\u00e9rieuse. Je suis une personne consciencieuse et investie dans ses engagements et son travail.<\/p>\r\n    <\/div>\r\n  <\/section>\r\n\r\n  <!-- COMPETENCES (alt background) -->\r\n  <section class=\"section alt\">\r\n    <h3><span class=\"divider\" aria-hidden=\"true\"><\/span> Comp\u00e9tences<\/h3>\r\n    <div class=\"grid-2\">\r\n      <div>\r\n        <h4 style=\"margin:0 0 8px 0;font-size:14px;color:var(--text)\">Administration r\u00e9seaux<\/h4>\r\n        <ul class=\"list\">\r\n          <li>Adressage IP, sous-r\u00e9seau, mat\u00e9riel r\u00e9seau<\/li>\r\n        <\/ul>\r\n\r\n        <h4 style=\"margin:10px 0 8px 0;font-size:14px;color:var(--text)\">Programmation &amp; Web<\/h4>\r\n        <ul class=\"list\">\r\n          <li>Java, Python, SQL, HTML, CSS, PHP<\/li>\r\n          <li>CMS WordPress, architecture MVC<\/li>\r\n        <\/ul>\r\n      <\/div>\r\n\r\n      <div>\r\n        <h4 style=\"margin:0 0 8px 0;font-size:14px;color:var(--text)\">Cybers\u00e9curit\u00e9 &amp; Outils<\/h4>\r\n        <ul class=\"list\">\r\n          <li>RGPD \/ CNIL, types d'attaques &amp; contre-mesures<\/li>\r\n          <li>VirtualBox, Windows, Linux, Git, Kanban<\/li>\r\n        <\/ul>\r\n\r\n        <h4 style=\"margin:10px 0 8px 0;font-size:14px;color:var(--text)\">Analyse<\/h4>\r\n        <ul class=\"list\">\r\n          <li>UML, MERISE<\/li>\r\n        <\/ul>\r\n      <\/div>\r\n    <\/div>\r\n\r\n    <div style=\"margin-top:12px\" class=\"skills\" aria-hidden=\"false\">\r\n      <span class=\"chip\">Java<\/span>\r\n      <span class=\"chip\">Python<\/span>\r\n      <span class=\"chip\">SQL<\/span>\r\n      <span class=\"chip\">HTML \/ CSS<\/span>\r\n      <span class=\"chip\">PHP<\/span>\r\n      <span class=\"chip\">WordPress<\/span>\r\n      <span class=\"chip\">UML<\/span>\r\n      <span class=\"chip\">RGPD<\/span>\r\n    <\/div>\r\n  <\/section>\r\n\r\n  <!-- EXPERIENCES (light panel) -->\r\n  <section class=\"section\">\r\n    <h3><span class=\"divider\" aria-hidden=\"true\"><\/span> Exp\u00e9riences professionnelles<\/h3>\r\n\r\n    <div class=\"timeline\" aria-label=\"Exp\u00e9riences list\u00e9es\">\r\n      <div class=\"item\">\r\n        <h4>Valeur B\u00e2ti \u2014 D\u00e9veloppeuse no-code (stage)<\/h4>\r\n        <div class=\"meta\">Stage \u00b7 26 mai 2025 \u2013 27 juin 2025<\/div>\r\n        <ul class=\"list\">\r\n          <li>D\u00e9veloppement d'une solution no-code pour la gestion des achats BTP<\/li>\r\n          <li>Automatisation collecte &amp; comparaison des prix fournisseurs<\/li>\r\n          <li>Structuration de base de donn\u00e9es, am\u00e9lioration WordPress<\/li>\r\n        <\/ul>\r\n      <\/div>\r\n\r\n      <div class=\"item\">\r\n        <h4>Bio des Lys \u2014 Employ\u00e9e polyvalente<\/h4>\r\n        <div class=\"meta\">2022\u20132025 \u00b7 13 mois accumul\u00e9s<\/div>\r\n        <ul class=\"list\">\r\n          <li>Tenue et cl\u00f4ture des caisses<\/li>\r\n          <li>Mise en rayon, facing, r\u00e9ception des livraisons<\/li>\r\n        <\/ul>\r\n      <\/div>\r\n\r\n      <div class=\"item\">\r\n        <h4>L'Atlas \u2014 Serveuse<\/h4>\r\n        <div class=\"meta\">Juillet 2023 \u2013 Ao\u00fbt 2023<\/div>\r\n        <ul class=\"list\">\r\n          <li>Prise de commandes, service, gestion des r\u00e9servations et t\u00e9l\u00e9phone<\/li>\r\n        <\/ul>\r\n      <\/div>\r\n\r\n      <div class=\"item\">\r\n        <h4>La Paneti\u00e8re aux Saveurs d'Antan \u2014 Vendeuse pr\u00e9paratrice<\/h4>\r\n        <div class=\"meta\">Oct. 2022 \u2013 Mars 2023<\/div>\r\n        <ul class=\"list\">\r\n          <li>Pr\u00e9paration et gestion des vitrines et des produits<\/li>\r\n          <li>Plaquage des viennoiseries, gestion des pertes<\/li>\r\n        <\/ul>\r\n      <\/div>\r\n    <\/div>\r\n  <\/section>\r\n\r\n  <!-- EDUCATION (alt) -->\r\n  <section class=\"section alt\">\r\n    <h3><span class=\"divider\" aria-hidden=\"true\"><\/span> \u00c9ducation<\/h3>\r\n    <ul class=\"list\">\r\n      <li><strong>2024\u20132026<\/strong> \u2014 BTS SIO option SLAM \u2014 Lyc\u00e9e Saint-John Perse, Pau<\/li>\r\n      <li><strong>2023<\/strong> \u2014 \u00c9cole Toulouse Manga Gakuen \u2014 1\u00e8re ann\u00e9e (Manga)<\/li>\r\n      <li><strong>2022<\/strong> \u2014 Baccalaur\u00e9at g\u00e9n\u00e9ral \u2014 Lyc\u00e9e Edmond Rostand<\/li>\r\n    <\/ul>\r\n  <\/section>\r\n\r\n  <!-- LANGUES &amp; INTER\u00caTS -->\r\n  <section class=\"section\">\r\n    <div class=\"grid-2\">\r\n      <div>\r\n        <h3><span class=\"divider\" aria-hidden=\"true\"><\/span> Langues<\/h3>\r\n        <p class=\"muted\">Anglais \u2014 B1<br>Espagnol \u2014 A1<\/p>\r\n      <\/div>\r\n      <div>\r\n        <h3><span class=\"divider\" aria-hidden=\"true\"><\/span> Centres d'int\u00e9r\u00eat<\/h3>\r\n        <ul class=\"list\">\r\n          <li>Audiovisuel<\/li>\r\n          <li>Arts, design<\/li>\r\n          <li>Jeux vid\u00e9o<\/li>\r\n          <li>Film d'animation, visual novel (Ren'Py)<\/li>\r\n        <\/ul>\r\n      <\/div>\r\n    <\/div>\r\n  <\/section>\r\n\r\n \r\n\r\n<\/div>\r\n\r\n\r\n\t\t\t\t<\/div>\n\t\t\t\t<\/div>\n\t\t\t\t\t<\/div>\n\t\t\t\t<\/div>\n\t\t\t\t<\/div>\n\t\t","protected":false},"excerpt":{"rendered":"<p>Marina Renaud \u2014 CV Marina Renaud \u00c9tudiante 2\u1d49 ann\u00e9e \u2014 BTS SIO SLAM Demande stage en informatique \u2014 du 05 janvier au 13 f\u00e9vrier 2026 <a class=\"more-link\" href=\"https:\/\/sio.lycee-saint-john-perse.fr\/portfolio-renaud\/cv\/\">Lire plus &#8230;<\/a><\/p>\n","protected":false},"author":68,"featured_media":535,"parent":0,"menu_order":0,"comment_status":"closed","ping_status":"closed","template":"","meta":{"footnotes":""},"class_list":["post-18","page","type-page","status-publish","has-post-thumbnail","hentry"],"_links":{"self":[{"href":"https:\/\/sio.lycee-saint-john-perse.fr\/portfolio-renaud\/wp-json\/wp\/v2\/pages\/18","targetHints":{"allow":["GET"]}}],"collection":[{"href":"https:\/\/sio.lycee-saint-john-perse.fr\/portfolio-renaud\/wp-json\/wp\/v2\/pages"}],"about":[{"href":"https:\/\/sio.lycee-saint-john-perse.fr\/portfolio-renaud\/wp-json\/wp\/v2\/types\/page"}],"author":[{"embeddable":true,"href":"https:\/\/sio.lycee-saint-john-perse.fr\/portfolio-renaud\/wp-json\/wp\/v2\/users\/68"}],"replies":[{"embeddable":true,"href":"https:\/\/sio.lycee-saint-john-perse.fr\/portfolio-renaud\/wp-json\/wp\/v2\/comments?post=18"}],"version-history":[{"count":45,"href":"https:\/\/sio.lycee-saint-john-perse.fr\/portfolio-renaud\/wp-json\/wp\/v2\/pages\/18\/revisions"}],"predecessor-version":[{"id":1105,"href":"https:\/\/sio.lycee-saint-john-perse.fr\/portfolio-renaud\/wp-json\/wp\/v2\/pages\/18\/revisions\/1105"}],"wp:featuredmedia":[{"embeddable":true,"href":"https:\/\/sio.lycee-saint-john-perse.fr\/portfolio-renaud\/wp-json\/wp\/v2\/media\/535"}],"wp:attachment":[{"href":"https:\/\/sio.lycee-saint-john-perse.fr\/portfolio-renaud\/wp-json\/wp\/v2\/media?parent=18"}],"curies":[{"name":"wp","href":"https:\/\/api.w.org\/{rel}","templated":true}]}}