{"id":14,"date":"2025-01-21T14:25:17","date_gmt":"2025-01-21T13:25:17","guid":{"rendered":"https:\/\/sio.lycee-saint-john-perse.fr\/portfolio-moulin\/?page_id=14"},"modified":"2025-09-19T11:44:58","modified_gmt":"2025-09-19T09:44:58","slug":"14-2","status":"publish","type":"page","link":"https:\/\/sio.lycee-saint-john-perse.fr\/portfolio-moulin\/14-2\/","title":{"rendered":"CV"},"content":{"rendered":"\n<h2 class=\"wp-block-heading\">Formation<\/h2>\n\n\n\n<ul class=\"wp-block-list\">\n<li><strong>Brevet de Technicien Sup\u00e9rieur Services Informatiques aux Organisations option Solutions d\u2019Infrastructures Syst\u00e8mes et R\u00e9seaux<\/strong>                                                                                           Lyc\u00e9e Saint-John Perse \u00e0 Pau : en cours 2024-2026<\/li>\n<\/ul>\n\n\n\n<ul class=\"wp-block-list\">\n<li><strong>Baccalaur\u00e9at Science Technologique de l\u2019Industrie et du D\u00e9veloppement Durable sp\u00e9cificit\u00e9 Syst\u00e8me d\u2019Information et Num\u00e9rique<\/strong>                                                         Lyc\u00e9e Albert Claveille \u00e0 P\u00e9rigueux : 2022-2024<\/li>\n<\/ul>\n\n\n\n<hr class=\"wp-block-separator has-alpha-channel-opacity\" \/>\n\n\n\n<h2 class=\"wp-block-heading\">Comp\u00e9tences<\/h2>\n\n\n\n<ul class=\"wp-block-list\">\n<li><strong>Syst\u00e8me<\/strong> : Machines Virtuelles (VirtualBox), Documentation technique, Installation et param\u00e9trage OS, Commandes DOS et UNIX, Scripts, SSH, FTP<\/li>\n<\/ul>\n\n\n\n<ul class=\"wp-block-list\">\n<li><strong>Administration r\u00e9seaux :<\/strong> Contr\u00f4leur de domaine, Active Directory, GPO, Bind, VLAN, Administration switch et routage. Administration serveur Web, DNS, SSH, FTP, DHCP, filtrage, pare-feu, Samba, PfSense, file2ban, Proxy<\/li>\n<\/ul>\n\n\n\n<ul class=\"wp-block-list\">\n<li><strong>Syst\u00e8me :<\/strong> Surveillance r\u00e9seau, Gestion de Parc, t\u00e2ches planifi\u00e9es, PowerShell, NAGIOS, GLPI<\/li>\n<\/ul>\n\n\n\n<ul class=\"wp-block-list\">\n<li><strong>Administration r\u00e9seaux : <\/strong>Adressage IP, sous-r\u00e9seau, mat\u00e9riel r\u00e9seaux, maquettage, Montage mat\u00e9riel,<\/li>\n<\/ul>\n\n\n\n<ul class=\"wp-block-list\">\n<li><strong>Mettre en place un r\u00e9seau informatique efficace :<\/strong> IPv6, DHCP, VLAN, calblage, SWITCH, Routeur, spanning tree, agr\u00e9gation de lien, bande passante, Nating, maintenance, aide aux utilisateur, gestion de projet<\/li>\n<\/ul>\n\n\n\n<ul class=\"wp-block-list\">\n<li><strong>H\u00e9berger un site Internet \/ intranet :<\/strong> DNS, DMZ, serveur Web, Base de donn\u00e9es, LAMP,Wordpress, HTML\/CSS\/PHP, Bind9<\/li>\n<\/ul>\n\n\n\n<ul class=\"wp-block-list\">\n<li><strong>Virtualiser (1 serveur physique propose plusieurs services, syst\u00e8mes d&rsquo;exploitation en parall\u00e8les) :<\/strong> PROXMOX, Virtualisation<\/li>\n<\/ul>\n\n\n\n<ul class=\"wp-block-list\">\n<li><strong>Faire de la maintenance automatis\u00e9e \u00e0 distance :<\/strong> script,PowerShell, clonage, FOG, d\u00e9ploiement de logiciel, d&rsquo;image disqueInstaller des logiciels m\u00e9tiers : ERP, Progiciel de Gestion int\u00e9gr\u00e9 : OpenERP, Odoo<\/li>\n<\/ul>\n\n\n\n<ul class=\"wp-block-list\">\n<li><strong>Proposer des acc\u00e8s \u00e0 distance et du stockage s\u00e9curis\u00e9 :<\/strong> Cloud, NextCloud, lecteurs r\u00e9seaux partag\u00e9s, serveur de stockage<\/li>\n<\/ul>\n\n\n\n<ul class=\"wp-block-list\">\n<li><strong>Cybers\u00e9curit\u00e9 :<\/strong> loi, RGPD, CNIL, bonnes pratiques, installation chiffrement, signature \u00e9lectronique, installation pare-feu, antivirus. S\u00e9curisation du SI, Sauvegarde, r\u00e9plication, Haute disponibilit\u00e9,<\/li>\n<\/ul>\n\n\n\n<ul class=\"wp-block-list\">\n<li><strong>Base de donn\u00e9es<\/strong><\/li>\n<\/ul>\n\n\n\n<ul class=\"wp-block-list\">\n<li><strong>Web :<\/strong> HTML, CSS, PHP, Javascript, CMS (WordPress, Prestashop), R\u00e9f\u00e9rencement et mesure d&rsquo;audience<\/li>\n<\/ul>\n\n\n\n<ul class=\"wp-block-list\">\n<li><strong>Programmation :<\/strong> Javascript, Python, SQL, Web, C++<\/li>\n<\/ul>\n\n\n\n<ul class=\"wp-block-list\">\n<li><strong>IDE, Environnement de d\u00e9veloppement<\/strong> <strong>:<\/strong> NETBEANS, Brackets<\/li>\n<\/ul>\n\n\n\n<hr class=\"wp-block-separator has-alpha-channel-opacity\" \/>\n\n\n\n<h2 class=\"wp-block-heading\">Exp\u00e9riences<\/h2>\n\n\n\n<ul class=\"wp-block-list\">\n<li>Stage d\u2019informatique de 5 semaines en 2025 chez Motherson Aerospace \u00e0 Serres-Castets<\/li>\n<\/ul>\n\n\n\n<ul class=\"wp-block-list\">\n<li>Projet final de terminale sur une station m\u00e9t\u00e9o<\/li>\n<\/ul>\n\n\n\n<hr class=\"wp-block-separator has-alpha-channel-opacity\" \/>\n\n\n\n<h2 class=\"wp-block-heading\">Langues<\/h2>\n\n\n\n<ul class=\"wp-block-list\">\n<li><strong>Fran\u00e7ais<\/strong> <strong>: <\/strong>natif<\/li>\n<\/ul>\n\n\n\n<ul class=\"wp-block-list\">\n<li><strong>Anglais :<\/strong> A2+<\/li>\n<\/ul>\n\n\n\n<ul class=\"wp-block-list\">\n<li><strong>Allemand :<\/strong> A1+<\/li>\n<\/ul>\n\n\n\n<p><\/p>\n","protected":false},"excerpt":{"rendered":"<p>Formation Comp\u00e9tences Exp\u00e9riences Langues<\/p>\n","protected":false},"author":70,"featured_media":0,"parent":0,"menu_order":0,"comment_status":"closed","ping_status":"closed","template":"","meta":{"footnotes":""},"class_list":["post-14","page","type-page","status-publish","hentry"],"_links":{"self":[{"href":"https:\/\/sio.lycee-saint-john-perse.fr\/portfolio-moulin\/wp-json\/wp\/v2\/pages\/14","targetHints":{"allow":["GET"]}}],"collection":[{"href":"https:\/\/sio.lycee-saint-john-perse.fr\/portfolio-moulin\/wp-json\/wp\/v2\/pages"}],"about":[{"href":"https:\/\/sio.lycee-saint-john-perse.fr\/portfolio-moulin\/wp-json\/wp\/v2\/types\/page"}],"author":[{"embeddable":true,"href":"https:\/\/sio.lycee-saint-john-perse.fr\/portfolio-moulin\/wp-json\/wp\/v2\/users\/70"}],"replies":[{"embeddable":true,"href":"https:\/\/sio.lycee-saint-john-perse.fr\/portfolio-moulin\/wp-json\/wp\/v2\/comments?post=14"}],"version-history":[{"count":8,"href":"https:\/\/sio.lycee-saint-john-perse.fr\/portfolio-moulin\/wp-json\/wp\/v2\/pages\/14\/revisions"}],"predecessor-version":[{"id":95,"href":"https:\/\/sio.lycee-saint-john-perse.fr\/portfolio-moulin\/wp-json\/wp\/v2\/pages\/14\/revisions\/95"}],"wp:attachment":[{"href":"https:\/\/sio.lycee-saint-john-perse.fr\/portfolio-moulin\/wp-json\/wp\/v2\/media?parent=14"}],"curies":[{"name":"wp","href":"https:\/\/api.w.org\/{rel}","templated":true}]}}