{"id":36,"date":"2025-01-21T16:16:05","date_gmt":"2025-01-21T15:16:05","guid":{"rendered":"https:\/\/sio.lycee-saint-john-perse.fr\/portfolio-lgarcia\/?page_id=36"},"modified":"2025-09-06T19:06:12","modified_gmt":"2025-09-06T17:06:12","slug":"contact","status":"publish","type":"page","link":"https:\/\/sio.lycee-saint-john-perse.fr\/portfolio-lgarcia\/contact\/","title":{"rendered":"Me contacter"},"content":{"rendered":"\n<section id=\"contact\" style=\"max-width: 600px;margin: auto;padding: 50px 20px;font-family: Arial, sans-serif\">\n  <h2 style=\"text-align: center;margin-bottom: 30px\">Contactez-moi<\/h2>\n  <div style=\"flex-direction: column;gap: 15px;font-size: 16px\">\n    <p><strong>Nom :<\/strong> Garcia Lucas<\/p>\n    <p><strong>Email :<\/strong> \n      <a href=\"mailto:lucasgarcia640000@gmail.com\" style=\"color: inherit;text-decoration: none\">\n        lucasgarcia640000@gmail.com\n      <\/a>\n    <\/p>\n    <p><strong>T\u00e9l\u00e9phone :<\/strong> \n      <a href=\"tel:+33781885792\" style=\"color: inherit;text-decoration: none\">\n        +33 7 81 88 57 92\n      <\/a>\n    <\/p>\n  <\/div>\n  <div style=\"margin-top: 30px;text-align: center\">\n    <p>N&rsquo;h\u00e9sitez pas \u00e0 me contacter pour toute question !<\/p>\n  <\/div>\n<\/section>\n\n\n\n<p class=\"has-tahiti-gold-color has-text-color has-link-color has-large-font-size wp-elements-5a5d9ae1d3e91d07f73164d09cc9b768\"><\/p>\n\n\n\n<p><\/p>\n","protected":false},"excerpt":{"rendered":"<p>Contactez-moi Nom : Garcia Lucas Email : lucasgarcia640000@gmail.com T\u00e9l\u00e9phone : +33 7 81 88 57 92 N&rsquo;h\u00e9sitez pas \u00e0 me contacter pour toute question !<\/p>\n","protected":false},"author":86,"featured_media":0,"parent":0,"menu_order":0,"comment_status":"closed","ping_status":"closed","template":"","meta":{"footnotes":""},"class_list":["post-36","page","type-page","status-publish","hentry"],"_links":{"self":[{"href":"https:\/\/sio.lycee-saint-john-perse.fr\/portfolio-lgarcia\/wp-json\/wp\/v2\/pages\/36","targetHints":{"allow":["GET"]}}],"collection":[{"href":"https:\/\/sio.lycee-saint-john-perse.fr\/portfolio-lgarcia\/wp-json\/wp\/v2\/pages"}],"about":[{"href":"https:\/\/sio.lycee-saint-john-perse.fr\/portfolio-lgarcia\/wp-json\/wp\/v2\/types\/page"}],"author":[{"embeddable":true,"href":"https:\/\/sio.lycee-saint-john-perse.fr\/portfolio-lgarcia\/wp-json\/wp\/v2\/users\/86"}],"replies":[{"embeddable":true,"href":"https:\/\/sio.lycee-saint-john-perse.fr\/portfolio-lgarcia\/wp-json\/wp\/v2\/comments?post=36"}],"version-history":[{"count":3,"href":"https:\/\/sio.lycee-saint-john-perse.fr\/portfolio-lgarcia\/wp-json\/wp\/v2\/pages\/36\/revisions"}],"predecessor-version":[{"id":97,"href":"https:\/\/sio.lycee-saint-john-perse.fr\/portfolio-lgarcia\/wp-json\/wp\/v2\/pages\/36\/revisions\/97"}],"wp:attachment":[{"href":"https:\/\/sio.lycee-saint-john-perse.fr\/portfolio-lgarcia\/wp-json\/wp\/v2\/media?parent=36"}],"curies":[{"name":"wp","href":"https:\/\/api.w.org\/{rel}","templated":true}]}}