{"id":18,"date":"2025-01-21T15:00:50","date_gmt":"2025-01-21T14:00:50","guid":{"rendered":"https:\/\/sio.lycee-saint-john-perse.fr\/portfolio-lgarcia\/?page_id=18"},"modified":"2025-05-12T11:03:14","modified_gmt":"2025-05-12T09:03:14","slug":"18-2","status":"publish","type":"page","link":"https:\/\/sio.lycee-saint-john-perse.fr\/portfolio-lgarcia\/18-2\/","title":{"rendered":"Mon CV"},"content":{"rendered":"\n<p><strong>LUCAS GARCIA<\/strong><br>\u00c9tudiant \u2013 20 ans<br>21 rue de la Plaine<br>64140 Bill\u00e8re<br>07 81 88 57 92<br><a>lucasgarcia64000@gmail.com<\/a><\/p>\n\n\n\n<hr class=\"wp-block-separator has-alpha-channel-opacity\" \/>\n\n\n\n<h3 class=\"wp-block-heading\"><strong>FORMATION<\/strong><\/h3>\n\n\n\n<ul class=\"wp-block-list\">\n<li><strong>BTS Services Informatiques aux Organisations \u2013 option SLAM<\/strong><br>Lyc\u00e9e Saint-John Perse \u2013 Pau<br><em>2024 \u2013 2026<\/em><\/li>\n\n\n\n<li><strong>Baccalaur\u00e9at Sciences et Technologies du Management<\/strong><br>Lyc\u00e9e Louis Barthou \u2013 Pau<br><em>2022 \u2013 2023<\/em><\/li>\n<\/ul>\n\n\n\n<hr class=\"wp-block-separator has-alpha-channel-opacity\" \/>\n\n\n\n<h3 class=\"wp-block-heading\"><strong>COMP\u00c9TENCES<\/strong><\/h3>\n\n\n\n<ul class=\"wp-block-list\">\n<li><strong>Programmation<\/strong> : Java, Programmation orient\u00e9e objet<\/li>\n\n\n\n<li><strong>Mod\u00e9lisation<\/strong> : Mod\u00e9lisation des donn\u00e9es d\u2019une base de donn\u00e9es, CMS Joomla, WordPress<\/li>\n\n\n\n<li><strong>Base de donn\u00e9es<\/strong> : MySQL<\/li>\n\n\n\n<li><strong>Base de r\u00e9seaux<\/strong> : Syst\u00e8me, Administration r\u00e9seaux<\/li>\n\n\n\n<li><strong>Base de cybers\u00e9curit\u00e9<\/strong> : RGPD, CNIL, bonnes pratiques, installation, chiffrement<\/li>\n\n\n\n<li><strong>Bureautique<\/strong> : Word, LibreOffice, Excel<\/li>\n<\/ul>\n\n\n\n<hr class=\"wp-block-separator has-alpha-channel-opacity\" \/>\n\n\n\n<h3 class=\"wp-block-heading\"><strong>EXP\u00c9RIENCE PROFESSIONNELLE<\/strong><\/h3>\n\n\n\n<ul class=\"wp-block-list\">\n<li><strong>Stage de 3e<\/strong> \u2013 Ecocuisine, Lons (Novembre 2020)\n<ul class=\"wp-block-list\">\n<li>Accueil client<\/li>\n\n\n\n<li>Cr\u00e9ation de plans de cuisine<\/li>\n\n\n\n<li>Manipulation de divers logiciels de conception de cuisine<\/li>\n<\/ul>\n<\/li>\n<\/ul>\n\n\n\n<hr class=\"wp-block-separator has-alpha-channel-opacity\" \/>\n\n\n\n<h3 class=\"wp-block-heading\"><strong>LANGUES<\/strong><\/h3>\n\n\n\n<ul class=\"wp-block-list\">\n<li>Anglais : niveau B1<\/li>\n\n\n\n<li>Espagnol : niveau B1<\/li>\n<\/ul>\n\n\n\n<hr class=\"wp-block-separator has-alpha-channel-opacity\" \/>\n\n\n\n<h3 class=\"wp-block-heading\"><strong>ASPECT PERSONNEL<\/strong><\/h3>\n\n\n\n<ul class=\"wp-block-list\">\n<li>Avec plus de 10 ans d\u2019exp\u00e9rience en dessin, j\u2019ai d\u00e9velopp\u00e9 cr\u00e9ativit\u00e9 et perfectionnisme, des atouts cl\u00e9s pour innover et am\u00e9liorer efficacement des projets.<\/li>\n\n\n\n<li>Pratiquant la musculation quotidiennement, j\u2019ai d\u00e9velopp\u00e9 une grande discipline et une assiduit\u00e9, des qualit\u00e9s essentielles pour mener \u00e0 bien mes engagements.<\/li>\n\n\n\n<li>Ma pratique r\u00e9guli\u00e8re de jeux vari\u00e9s (strat\u00e9gie, gestion, coop\u00e9ration) me permet de d\u00e9velopper des comp\u00e9tences en planification, en r\u00e9solution de probl\u00e8mes, en travail d\u2019\u00e9quipe et en adaptation. Ces activit\u00e9s stimulent ma r\u00e9flexion et ma capacit\u00e9 \u00e0 atteindre des objectifs.<\/li>\n<\/ul>\n\n\n\n<hr class=\"wp-block-separator has-alpha-channel-opacity\" \/>\n\n\n\n<h3 class=\"wp-block-heading\"><strong>DISPONIBILIT\u00c9<\/strong><\/h3>\n\n\n\n<ul class=\"wp-block-list\">\n<li><strong>Demande de stage<\/strong> : du 26 mai au 27 juin\n<ul class=\"wp-block-list\">\n<li><strong>Dur\u00e9e<\/strong> : 5 semaines<\/li>\n<\/ul>\n<\/li>\n<\/ul>\n\n\n\n<p><p><\/p><a href=\"https:\/\/sio.lycee-saint-john-perse.fr\/portfolio-lgarcia\/wp-content\/uploads\/sites\/83\/2025\/05\/LUCAS-GARCIA-1.pdf\">T\u00e9l\u00e9charger mon CV!<\/a><\/p>\n\n\n\n<p><\/p>\n","protected":false},"excerpt":{"rendered":"<p>LUCAS GARCIA\u00c9tudiant \u2013 20 ans21 rue de la Plaine64140 Bill\u00e8re07 81 88 57 92lucasgarcia64000@gmail.com FORMATION COMP\u00c9TENCES EXP\u00c9RIENCE PROFESSIONNELLE LANGUES ASPECT PERSONNEL DISPONIBILIT\u00c9 T\u00e9l\u00e9charger mon CV!<\/p>\n","protected":false},"author":86,"featured_media":0,"parent":0,"menu_order":0,"comment_status":"closed","ping_status":"closed","template":"","meta":{"footnotes":""},"class_list":["post-18","page","type-page","status-publish","hentry"],"_links":{"self":[{"href":"https:\/\/sio.lycee-saint-john-perse.fr\/portfolio-lgarcia\/wp-json\/wp\/v2\/pages\/18","targetHints":{"allow":["GET"]}}],"collection":[{"href":"https:\/\/sio.lycee-saint-john-perse.fr\/portfolio-lgarcia\/wp-json\/wp\/v2\/pages"}],"about":[{"href":"https:\/\/sio.lycee-saint-john-perse.fr\/portfolio-lgarcia\/wp-json\/wp\/v2\/types\/page"}],"author":[{"embeddable":true,"href":"https:\/\/sio.lycee-saint-john-perse.fr\/portfolio-lgarcia\/wp-json\/wp\/v2\/users\/86"}],"replies":[{"embeddable":true,"href":"https:\/\/sio.lycee-saint-john-perse.fr\/portfolio-lgarcia\/wp-json\/wp\/v2\/comments?post=18"}],"version-history":[{"count":5,"href":"https:\/\/sio.lycee-saint-john-perse.fr\/portfolio-lgarcia\/wp-json\/wp\/v2\/pages\/18\/revisions"}],"predecessor-version":[{"id":68,"href":"https:\/\/sio.lycee-saint-john-perse.fr\/portfolio-lgarcia\/wp-json\/wp\/v2\/pages\/18\/revisions\/68"}],"wp:attachment":[{"href":"https:\/\/sio.lycee-saint-john-perse.fr\/portfolio-lgarcia\/wp-json\/wp\/v2\/media?parent=18"}],"curies":[{"name":"wp","href":"https:\/\/api.w.org\/{rel}","templated":true}]}}