{"id":30,"date":"2026-02-15T22:02:31","date_gmt":"2026-02-15T21:02:31","guid":{"rendered":"https:\/\/sio.lycee-saint-john-perse.fr\/portfolio-belhoucine\/?page_id=30"},"modified":"2026-02-15T22:42:03","modified_gmt":"2026-02-15T21:42:03","slug":"competences","status":"publish","type":"page","link":"https:\/\/sio.lycee-saint-john-perse.fr\/portfolio-belhoucine\/competences\/","title":{"rendered":"Comp\u00e9tences"},"content":{"rendered":"\n<p><em><strong>1 Support et mise \u00e0 disposition de services informatiques<\/strong><\/em><\/p>\n\n\n\n<p><br>1.1 Gestion du patrimoine informatique<br>\u2022 Recenser et identifier les ressources num\u00e9riques<br>\u2022 Exploiter des r\u00e9f\u00e9rentiels, normes et standards adopt\u00e9s par le prestataire informatique<br>\u2022 Mettre en place et v\u00e9rifier les niveaux d\u2019habilitation associ\u00e9s \u00e0 un service<br>\u2022 V\u00e9rifier les conditions de la continuit\u00e9 d\u2019un service informatique<br>\u2022 G\u00e9rer des sauvegardes<br>\u2022 V\u00e9rifier le respect des r\u00e8gles d\u2019utilisation des ressources num\u00e9riques<br><\/p>\n\n\n\n<p>1.2 R\u00e9ponse aux incidents et aux demandes d\u2019assistance et d\u2019\u00e9volution<br>\u2022 Collecter, suivre et orienter des demandes<br>\u2022 Traiter des demandes concernant les services r\u00e9seau et syst\u00e8me, applicatif <br>\u2022 Traiter des demandes concernant les applications<br><\/p>\n\n\n\n<p>1.3 D\u00e9veloppement de la pr\u00e9sence en ligne de l\u2019organisation<br>\u2022 Participer \u00e0 la valorisation de l\u2019image de l\u2019organisation sur les m\u00e9dias num\u00e9riques en tenant compte du cadre juridique et des enjeux \u00e9conomiques<br>\u2022 R\u00e9f\u00e9rencer les services en ligne de l\u2019organisation et mesurer leur visibilit\u00e9.<br>\u2022 Participer \u00e0 l\u2019\u00e9volution d\u2019un site Web exploitant les donn\u00e9es de l\u2019organisation<br><\/p>\n\n\n\n<p>1.4 Travail en mode projet<br>\u2022 Analyser les objectifs et les modalit\u00e9s d\u2019organisation d\u2019un projet<br>\u2022 Planifier les activit\u00e9s<br>\u2022 \u00c9valuer les indicateurs de suivi d\u2019un projet et analyser les \u00e9carts<br><\/p>\n\n\n\n<p>1.5 Mise \u00e0 disposition des utilisateurs d\u2019un service informatique<br>\u2022 R\u00e9aliser les tests d\u2019int\u00e9gration et d\u2019acceptation d\u2019un service<br>\u2022 D\u00e9ployer un service<br>\u2022 Accompagner les utilisateurs dans la mise en place d\u2019un service<\/p>\n\n\n\n<p><br>1.6 Organisation de son d\u00e9veloppement professionnel<br>\u2022 Mettre en place son environnement d\u2019apprentissage personnel<br>\u2022 Mettre en oeuvre des outils et strat\u00e9gies de veille informationnelle<br>\u2022 G\u00e9rer son identit\u00e9 professionnelle<br>\u2022 D\u00e9velopper son projet professionnel<\/p>\n\n\n\n<p><em>2 Administration des syst\u00e8mes et des r\u00e9seaux<\/em><\/p>\n\n\n\n<p><br>2.1 Conception d\u2019une solution d\u2019infrastructure<br>\u2022 Analyser un besoin exprim\u00e9 et son contexte juridique<br>\u2022 \u00c9tudier l\u2019impact d\u2019une \u00e9volution d\u2019un \u00e9l\u00e9ment d\u2019infrastructure sur le syst\u00e8me informatique<br>\u2022 \u00c9laborer un dossier de choix d\u2019une solution d\u2019infrastructure et r\u00e9diger les sp\u00e9cifications techniques<br>\u2022 Choisir les \u00e9l\u00e9ments n\u00e9cessaires pour assurer la qualit\u00e9 et la disponibilit\u00e9 d\u2019un service<br>\u2022 Maquetter et prototyper une solution d\u2019infrastructure permettant d\u2019atteindre la qualit\u00e9 de service attendue<br>\u2022 D\u00e9terminer et pr\u00e9parer les tests n\u00e9cessaires \u00e0 la validation de la solution d\u2019infrastructure retenue<br><\/p>\n\n\n\n<p>2.2 Installation, test et d\u00e9ploiement d\u2019une solution d\u2019infrastructure r\u00e9seau<br>\u2022 Installer et configurer des \u00e9l\u00e9ments d\u2019infrastructure<br>\u2022 Installer et configurer des \u00e9l\u00e9ments n\u00e9cessaires pour assurer la continuit\u00e9 des services<br>\u2022 Installer et configurer des \u00e9l\u00e9ments n\u00e9cessaires pour assurer la qualit\u00e9 de service<br>\u2022 R\u00e9diger ou mettre \u00e0 jour la documentation technique et utilisateur d\u2019une solution d\u2019infrastructure<br>\u2022 Tester l\u2019int\u00e9gration et l\u2019acceptation d\u2019une solution d\u2019infrastructure<br>\u2022 D\u00e9ployer une solution d\u2019infrastructure<br><\/p>\n\n\n\n<p>2.3 Exploitation, d\u00e9pannage et supervision d\u2019une solution d\u2019infrastructure r\u00e9seau<br>\u2022 Administrer sur site et \u00e0 distance des \u00e9l\u00e9ments d\u2019une infrastructure<br>\u2022 Automatiser des t\u00e2ches d\u2019administration<br>\u2022 G\u00e9rer des indicateurs et des fichiers d\u2019activit\u00e9 des \u00e9l\u00e9ments d\u2019une infrastructure<br>\u2022 Identifier, qualifier, \u00e9valuer et r\u00e9agir face \u00e0 un incident ou \u00e0 un probl\u00e8me<br>\u2022 \u00c9valuer, maintenir et am\u00e9liorer la qualit\u00e9 d\u2019un service<\/p>\n\n\n\n<p><em>3 Cybers\u00e9curit\u00e9 des services informatiques<\/em><\/p>\n\n\n\n<p><br>3.1 Protection des donn\u00e9es \u00e0 caract\u00e8re personnel<br>\u2022 Recenser les traitements sur les donn\u00e9es \u00e0 caract\u00e8re personnel au sein de l\u2019organisation<br>\u2022 Identifier les risques li\u00e9s \u00e0 la collecte, au traitement, au stockage et \u00e0 la diffusion des donn\u00e9es \u00e0 caract\u00e8re personnel<br>\u2022 Appliquer la r\u00e9glementation en mati\u00e8re de collecte, de traitement et de conservation des donn\u00e9es \u00e0 caract\u00e8re personnel<br>\u2022 Sensibiliser les utilisateurs \u00e0 la protection des donn\u00e9es \u00e0 caract\u00e8re personnel<br><\/p>\n\n\n\n<p>3.2 Pr\u00e9servation de l&rsquo;identit\u00e9 num\u00e9rique de l\u2019organisation<br>\u2022 Prot\u00e9ger l\u2019identit\u00e9 num\u00e9rique d\u2019une organisation<br>\u2022 D\u00e9ployer les moyens appropri\u00e9s de preuve \u00e9lectronique<br><\/p>\n\n\n\n<p>3.3 S\u00e9curisation des \u00e9quipements et des usages des utilisateurs<br>\u2022 Informer les utilisateurs sur les risques associ\u00e9s \u00e0 l\u2019utilisation d\u2019une ressource num\u00e9rique et promouvoir les bons usages \u00e0 adopter<br>\u2022 Identifier les menaces et mettre en oeuvre les d\u00e9fenses appropri\u00e9es<br>\u2022 G\u00e9rer les acc\u00e8s et les privil\u00e8ges appropri\u00e9s<br>\u2022 V\u00e9rifier l\u2019efficacit\u00e9 de la protection<br><\/p>\n\n\n\n<p>3.4 Garantie de la disponibilit\u00e9, de l\u2019int\u00e9grit\u00e9 et de la confidentialit\u00e9 des services informatiques et des donn\u00e9es de l\u2019organisation face \u00e0 des cyberattaques<br>\u2022 Caract\u00e9riser les risques li\u00e9s \u00e0 l\u2019utilisation malveillante d\u2019un service informatique<br>\u2022 Recenser les cons\u00e9quences d\u2019une perte de disponibilit\u00e9, d\u2019int\u00e9grit\u00e9 ou de confidentialit\u00e9<br>\u2022 Identifier les obligations l\u00e9gales qui s\u2019imposent en mati\u00e8re d\u2019archivage et de protection des donn\u00e9es de l\u2019organisation<br>\u2022 Organiser la collecte et la conservation des preuves num\u00e9riques<br>\u2022 Appliquer les proc\u00e9dures garantissant le respect des obligations l\u00e9gales<br><\/p>\n\n\n\n<p>3.5 Cyber s\u00e9curisation d\u2019une infrastructure r\u00e9seau, d\u2019un syst\u00e8me, d\u2019un service<br>\u2022 Participer \u00e0 la v\u00e9rification des \u00e9l\u00e9ments contribuant \u00e0 la suret\u00e9 d\u2019une infrastructure informatique<br>\u2022 Prendre en compte la s\u00e9curit\u00e9 dans un projet de mise en oeuvre d\u2019une solution d\u2019infrastructure<br>\u2022 Mettre en oeuvre et v\u00e9rifier la conformit\u00e9 d\u2019une infrastructure \u00e0 un r\u00e9f\u00e9rentiel, une norme ou un standard de s\u00e9curit\u00e9<br>\u2022 Pr\u00e9venir les attaques<br>\u2022 D\u00e9tecter les actions malveillantes<br>\u2022 Analyser les incidents de s\u00e9curit\u00e9, proposer et mettre en oeuvre des contre-mesures<\/p>\n\n\n\n<p><\/p>\n","protected":false},"excerpt":{"rendered":"<p>1 Support et mise \u00e0 disposition de services informatiques 1.1 Gestion du patrimoine informatique\u2022 Recenser et identifier les ressources num\u00e9riques\u2022 [&hellip;]<\/p>\n","protected":false},"author":74,"featured_media":0,"parent":0,"menu_order":0,"comment_status":"closed","ping_status":"closed","template":"","meta":{"site-sidebar-layout":"default","site-content-layout":"","ast-site-content-layout":"default","site-content-style":"default","site-sidebar-style":"default","ast-global-header-display":"","ast-banner-title-visibility":"","ast-main-header-display":"","ast-hfb-above-header-display":"","ast-hfb-below-header-display":"","ast-hfb-mobile-header-display":"","site-post-title":"","ast-breadcrumbs-content":"","ast-featured-img":"","footer-sml-layout":"","ast-disable-related-posts":"","theme-transparent-header-meta":"","adv-header-id-meta":"","stick-header-meta":"","header-above-stick-meta":"","header-main-stick-meta":"","header-below-stick-meta":"","astra-migrate-meta-layouts":"default","ast-page-background-enabled":"default","ast-page-background-meta":{"desktop":{"background-color":"var(--ast-global-color-5)","background-image":"","background-repeat":"repeat","background-position":"center center","background-size":"auto","background-attachment":"scroll","background-type":"","background-media":"","overlay-type":"","overlay-color":"","overlay-opacity":"","overlay-gradient":""},"tablet":{"background-color":"","background-image":"","background-repeat":"repeat","background-position":"center center","background-size":"auto","background-attachment":"scroll","background-type":"","background-media":"","overlay-type":"","overlay-color":"","overlay-opacity":"","overlay-gradient":""},"mobile":{"background-color":"","background-image":"","background-repeat":"repeat","background-position":"center center","background-size":"auto","background-attachment":"scroll","background-type":"","background-media":"","overlay-type":"","overlay-color":"","overlay-opacity":"","overlay-gradient":""}},"ast-content-background-meta":{"desktop":{"background-color":"var(--ast-global-color-4)","background-image":"","background-repeat":"repeat","background-position":"center center","background-size":"auto","background-attachment":"scroll","background-type":"","background-media":"","overlay-type":"","overlay-color":"","overlay-opacity":"","overlay-gradient":""},"tablet":{"background-color":"var(--ast-global-color-4)","background-image":"","background-repeat":"repeat","background-position":"center center","background-size":"auto","background-attachment":"scroll","background-type":"","background-media":"","overlay-type":"","overlay-color":"","overlay-opacity":"","overlay-gradient":""},"mobile":{"background-color":"var(--ast-global-color-4)","background-image":"","background-repeat":"repeat","background-position":"center center","background-size":"auto","background-attachment":"scroll","background-type":"","background-media":"","overlay-type":"","overlay-color":"","overlay-opacity":"","overlay-gradient":""}},"footnotes":""},"class_list":["post-30","page","type-page","status-publish","hentry"],"_links":{"self":[{"href":"https:\/\/sio.lycee-saint-john-perse.fr\/portfolio-belhoucine\/wp-json\/wp\/v2\/pages\/30","targetHints":{"allow":["GET"]}}],"collection":[{"href":"https:\/\/sio.lycee-saint-john-perse.fr\/portfolio-belhoucine\/wp-json\/wp\/v2\/pages"}],"about":[{"href":"https:\/\/sio.lycee-saint-john-perse.fr\/portfolio-belhoucine\/wp-json\/wp\/v2\/types\/page"}],"author":[{"embeddable":true,"href":"https:\/\/sio.lycee-saint-john-perse.fr\/portfolio-belhoucine\/wp-json\/wp\/v2\/users\/74"}],"replies":[{"embeddable":true,"href":"https:\/\/sio.lycee-saint-john-perse.fr\/portfolio-belhoucine\/wp-json\/wp\/v2\/comments?post=30"}],"version-history":[{"count":2,"href":"https:\/\/sio.lycee-saint-john-perse.fr\/portfolio-belhoucine\/wp-json\/wp\/v2\/pages\/30\/revisions"}],"predecessor-version":[{"id":42,"href":"https:\/\/sio.lycee-saint-john-perse.fr\/portfolio-belhoucine\/wp-json\/wp\/v2\/pages\/30\/revisions\/42"}],"wp:attachment":[{"href":"https:\/\/sio.lycee-saint-john-perse.fr\/portfolio-belhoucine\/wp-json\/wp\/v2\/media?parent=30"}],"curies":[{"name":"wp","href":"https:\/\/api.w.org\/{rel}","templated":true}]}}