{"id":14,"date":"2026-02-03T16:34:37","date_gmt":"2026-02-03T15:34:37","guid":{"rendered":"https:\/\/sio.lycee-saint-john-perse.fr\/portfolio-belhoucine\/?page_id=14"},"modified":"2026-02-03T16:34:38","modified_gmt":"2026-02-03T15:34:38","slug":"14-2","status":"publish","type":"page","link":"https:\/\/sio.lycee-saint-john-perse.fr\/portfolio-belhoucine\/14-2\/","title":{"rendered":""},"content":{"rendered":"\n<p>Je m\u2019appelle <strong>Imad Bel Houcine<\/strong>, j\u2019ai 19 ans et je suis \u00e9tudiant en <strong>BTS SIO option SISR<\/strong>. Passionn\u00e9 par les r\u00e9seaux informatiques et la cybers\u00e9curit\u00e9, je me forme chaque jour \u00e0 construire, s\u00e9curiser et administrer des infrastructures fiables et performantes.<\/p>\n\n\n\n<p>Sur ce site, vous pourrez d\u00e9couvrir mon <strong>parcours<\/strong>, mes <strong>comp\u00e9tences techniques<\/strong>, mes <strong>r\u00e9alisations<\/strong>, ainsi que mes <strong>exp\u00e9riences de stage<\/strong>. J\u2019y pr\u00e9sente \u00e9galement ma <strong>veille technologique<\/strong>, centr\u00e9e sur les enjeux actuels de la cybers\u00e9curit\u00e9 et de la protection des syst\u00e8mes.<\/p>\n\n\n\n<p>Actuellement, je suis \u00e0 la recherche d\u2019une <strong>alternance dans le domaine de la cybers\u00e9curit\u00e9<\/strong>, afin de d\u00e9velopper mes comp\u00e9tences sur le terrain et contribuer \u00e0 la s\u00e9curit\u00e9 des syst\u00e8mes d\u2019information d\u2019une organisation.<\/p>\n\n\n\n<p>N\u2019h\u00e9sitez pas \u00e0 me contacter pour \u00e9changer ou pour envisager une collaboration.<\/p>\n\n\n\n<p><\/p>\n","protected":false},"excerpt":{"rendered":"<p>Je m\u2019appelle Imad Bel Houcine, j\u2019ai 19 ans et je suis \u00e9tudiant en BTS SIO option SISR. Passionn\u00e9 par les [&hellip;]<\/p>\n","protected":false},"author":74,"featured_media":0,"parent":0,"menu_order":0,"comment_status":"closed","ping_status":"closed","template":"","meta":{"site-sidebar-layout":"default","site-content-layout":"","ast-site-content-layout":"default","site-content-style":"default","site-sidebar-style":"default","ast-global-header-display":"","ast-banner-title-visibility":"","ast-main-header-display":"","ast-hfb-above-header-display":"","ast-hfb-below-header-display":"","ast-hfb-mobile-header-display":"","site-post-title":"","ast-breadcrumbs-content":"","ast-featured-img":"","footer-sml-layout":"","ast-disable-related-posts":"","theme-transparent-header-meta":"","adv-header-id-meta":"","stick-header-meta":"","header-above-stick-meta":"","header-main-stick-meta":"","header-below-stick-meta":"","astra-migrate-meta-layouts":"default","ast-page-background-enabled":"default","ast-page-background-meta":{"desktop":{"background-color":"var(--ast-global-color-5)","background-image":"","background-repeat":"repeat","background-position":"center center","background-size":"auto","background-attachment":"scroll","background-type":"","background-media":"","overlay-type":"","overlay-color":"","overlay-opacity":"","overlay-gradient":""},"tablet":{"background-color":"","background-image":"","background-repeat":"repeat","background-position":"center center","background-size":"auto","background-attachment":"scroll","background-type":"","background-media":"","overlay-type":"","overlay-color":"","overlay-opacity":"","overlay-gradient":""},"mobile":{"background-color":"","background-image":"","background-repeat":"repeat","background-position":"center center","background-size":"auto","background-attachment":"scroll","background-type":"","background-media":"","overlay-type":"","overlay-color":"","overlay-opacity":"","overlay-gradient":""}},"ast-content-background-meta":{"desktop":{"background-color":"var(--ast-global-color-4)","background-image":"","background-repeat":"repeat","background-position":"center center","background-size":"auto","background-attachment":"scroll","background-type":"","background-media":"","overlay-type":"","overlay-color":"","overlay-opacity":"","overlay-gradient":""},"tablet":{"background-color":"var(--ast-global-color-4)","background-image":"","background-repeat":"repeat","background-position":"center center","background-size":"auto","background-attachment":"scroll","background-type":"","background-media":"","overlay-type":"","overlay-color":"","overlay-opacity":"","overlay-gradient":""},"mobile":{"background-color":"var(--ast-global-color-4)","background-image":"","background-repeat":"repeat","background-position":"center center","background-size":"auto","background-attachment":"scroll","background-type":"","background-media":"","overlay-type":"","overlay-color":"","overlay-opacity":"","overlay-gradient":""}},"footnotes":""},"class_list":["post-14","page","type-page","status-publish","hentry"],"_links":{"self":[{"href":"https:\/\/sio.lycee-saint-john-perse.fr\/portfolio-belhoucine\/wp-json\/wp\/v2\/pages\/14","targetHints":{"allow":["GET"]}}],"collection":[{"href":"https:\/\/sio.lycee-saint-john-perse.fr\/portfolio-belhoucine\/wp-json\/wp\/v2\/pages"}],"about":[{"href":"https:\/\/sio.lycee-saint-john-perse.fr\/portfolio-belhoucine\/wp-json\/wp\/v2\/types\/page"}],"author":[{"embeddable":true,"href":"https:\/\/sio.lycee-saint-john-perse.fr\/portfolio-belhoucine\/wp-json\/wp\/v2\/users\/74"}],"replies":[{"embeddable":true,"href":"https:\/\/sio.lycee-saint-john-perse.fr\/portfolio-belhoucine\/wp-json\/wp\/v2\/comments?post=14"}],"version-history":[{"count":1,"href":"https:\/\/sio.lycee-saint-john-perse.fr\/portfolio-belhoucine\/wp-json\/wp\/v2\/pages\/14\/revisions"}],"predecessor-version":[{"id":16,"href":"https:\/\/sio.lycee-saint-john-perse.fr\/portfolio-belhoucine\/wp-json\/wp\/v2\/pages\/14\/revisions\/16"}],"wp:attachment":[{"href":"https:\/\/sio.lycee-saint-john-perse.fr\/portfolio-belhoucine\/wp-json\/wp\/v2\/media?parent=14"}],"curies":[{"name":"wp","href":"https:\/\/api.w.org\/{rel}","templated":true}]}}